{"id":242394,"date":"2024-12-16T09:43:55","date_gmt":"2024-12-16T09:43:55","guid":{"rendered":"https:\/\/simoneelle.it\/wh200226\/?page_id=242394"},"modified":"2026-01-30T14:17:00","modified_gmt":"2026-01-30T14:17:00","slug":"termini-e-condizioni-di-servizio","status":"publish","type":"page","link":"https:\/\/simoneelle.it\/wh200226\/termini-e-condizioni-di-servizio\/","title":{"rendered":"Termini e Condizioni di servizio"},"content":{"rendered":"\t\t<div data-elementor-type=\"wp-page\" data-elementor-id=\"242394\" class=\"elementor elementor-242394\" data-elementor-post-type=\"page\">\n\t\t\t\t<div class=\"elementor-element elementor-element-0e201b5 e-flex e-con-boxed e-con e-parent\" data-id=\"0e201b5\" data-element_type=\"container\" data-e-type=\"container\" data-settings=\"{&quot;background_background&quot;:&quot;classic&quot;}\">\n\t\t\t\t\t<div class=\"e-con-inner\">\n\t\t\t\t<div class=\"elementor-element elementor-element-3ca0372 elementor-widget elementor-widget-breadcrumbs\" data-id=\"3ca0372\" data-element_type=\"widget\" data-e-type=\"widget\" data-widget_type=\"breadcrumbs.default\">\n\t\t\t\t<div class=\"elementor-widget-container\">\n\t\t\t\t\t<p><span class=\"last\">Home<\/span><\/p>\t\t\t\t<\/div>\n\t\t\t\t<\/div>\n\t\t\t\t<div class=\"elementor-element elementor-element-57e39ec elementor-widget elementor-widget-heading\" data-id=\"57e39ec\" data-element_type=\"widget\" data-e-type=\"widget\" data-widget_type=\"heading.default\">\n\t\t\t\t\t<h1 class=\"elementor-heading-title elementor-size-default\">Termini e Condizioni di servizio<\/h1>\t\t\t\t<\/div>\n\t\t\t\t<div class=\"elementor-element elementor-element-466a1f41 elementor-widget elementor-widget-text-editor\" data-id=\"466a1f41\" data-element_type=\"widget\" data-e-type=\"widget\" data-widget_type=\"text-editor.default\">\n\t\t\t\t\t\t\t\t\t\n<ol class=\"wp-block-list\">\n<li><strong>Modalit\u00e0 di prenotazione, pagamento deposito e relative comunicazioni.<\/strong><\/li>\n<\/ol>\n\n<p><strong>1.1)<\/strong>\u00a0Per prenotare le esperienze di WeHike \u00e8 necessario inviare una richiesta scritta via email all\u2019indirizzo\u00a0<a href=\"mailto:info@we-hike.it\">info@we-hike.it<\/a>\u00a0o tramite WhatsApp al numero +39.339.8636.036 indicando i propri dati: nome, cognome, email, contatto telefonico, codice fiscale e\/o partita iva, tipo di esperienza oggetto di prenotazione.<\/p>\n\n<p><strong>\u00a0<\/strong><strong>1.2)<\/strong>\u00a0Dalla data di prenotazione dell\u2019evento, fino a novanta giorni prima dell\u2019evento programmato, non \u00e8 richiesto il pagamento di alcuna somma. A partire dal novantesimo giorno prima dell\u2019evento programmato, il cliente deve provvedere al pagamento di una somma pari al 30% dell\u2019importo totale da corrispondersi, a titolo di deposito cauzionale. Detto importo, una volta corrisposto, non sar\u00e0 oggetto di rimborso da parte di WeHike, salvo quanto disposto al successivo articolo 3.1.<\/p>\n\n<p><strong>\u00a0<\/strong><strong>1.3)<\/strong>\u00a0Il saldo della prenotazione deve essere corrisposto trenta giorni prima della data prevista per l\u2019evento prenotato.<\/p>\n\n<p><strong>\u00a0<\/strong><strong>1.4)\u00a0<\/strong>Per ogni prenotazione effettuata, cancellazione o altre comunicazioni inerenti i rapporti con WeHike, verranno utilizzati esclusivamente i recapiti indicati al momento della prenotazione.<\/p>\n\n<ol class=\"wp-block-list\" start=\"2\">\n<li><strong>Modalit\u00e0 di Pagamenti<\/strong><\/li>\n<\/ol>\n\n<p>Il pagamento pu\u00f2 essere effettuato tramite bonifico bancario o tramite \u00a0\u00a0\u00a0PayPal.<\/p>\n\n<ol class=\"wp-block-list\" start=\"3\">\n<li><strong>Annullamenti, modalit\u00e0 di disdetta, modifiche al programma<\/strong><\/li>\n<\/ol>\n\n<p>\u00a0<strong>3.1)<\/strong>\u00a0WeHike si riserva il diritto di annullare l\u2019evento programmato fino alle ore 15:00 del giorno precedente la data stabilita per validi motivi (fra cui, a titolo meramente esemplificativo e non esaustivo: condizioni meteo avverse, difficolt\u00e0 che possano pregiudicare il mantenimento delle condizioni di sicurezza dei partecipanti etc.) o nel caso in cui non venga raggiunto il numero minimo di partecipanti prenotati. Nel caso in cui WeHike ritenga che non ci siano le condizioni meteo per poter svolgere l\u2019evento, si proceder\u00e0 all\u2019emissione di un voucher per la partecipazione ad un nuovo evento di valore pari al 100% dell\u2019importo corrisposto, la cui validit\u00e0 sar\u00e0 di dodici mesi.<\/p>\n\n<p>\u00a0<strong>3.2)<\/strong>\u00a0La disdetta all\u2019evento da parte di un singolo partecipante deve essere comunicata esclusivamente al seguente indirizzo email\u00a0<a href=\"mailto:info@we-hike.it\">info@we-hike.it<\/a>.<\/p>\n\n<p>\u2013 In caso di disdetta inviata non prima di novanta giorni dalla data programmata per l\u2019evento, il deposito cauzionale corrisposto non sar\u00e0 oggetto di rimborso da parte di WeHike.<\/p>\n\n<p>\u2013 Nel caso in cui, invece, la disdetta venga inviata oltre trenta giorni dalla data programmata per l\u2019evento dell\u2019evento, WeHike tratter\u00e0 l\u2019intero prezzo corrisposto per la prenotazione dell\u2019evento.<\/p>\n\n<p>\u00a0<strong>3.3)<\/strong>\u00a0Nel caso in cui la partecipazione all\u2019evento sia oggetto di disdetta da parte del Cliente, Agenzia o Tour Operator, si specifica quanto segue.<\/p>\n\n<ul class=\"wp-block-list\">\n<li>Nel caso di invio della disdetta a mezzo email oltre novanta giorni, fino a trenta giorni prima della data programmata per l\u2019evento, quanto corrisposto a titolo di deposito verr\u00e0 trattenuto da parte di WeHike.<\/li>\n\n<li>Nel caso di invio della disdetta a mezzo email oltre trenta giorni dalla data programmata dell\u2019evento, WeHike tratter\u00e0 l\u2019intero prezzo corrisposto per la prenotazione dell\u2019evento.<\/li>\n<\/ul>\n\n<p><strong>3.4)<\/strong>\u00a0WeHike si riserva il diritto di non accettare nel gruppo di partecipanti all\u2019evento persone che non abbiano provveduto alla prenotazione e coloro che non abbiano un equipaggiamento adeguato rispetto a quello espressamente richiesto.<\/p>\n\n<p><strong>3.5)<\/strong>\u00a0WeHike si riserva il diritto di modificare il percorso ovvero il programma di un\u2019escursione in base alle condizioni meteo, alle condizioni del terreno e\/o alle capacit\u00e0 del gruppo di partecipanti; ci\u00f2 con lo scopo di garantire la sicurezza di ogni partecipante e la buona riuscita dell\u2019evento.<\/p>\n\n<p><strong>3.6)<\/strong>\u00a0WeHike si riserva il diritto di calibrare l\u2019andatura dell\u2019escursione a seconda della tipologia di composizione del gruppo di partecipanti.<\/p>\n\n<ol class=\"wp-block-list\" start=\"4\">\n<li><strong>La Guida<\/strong><\/li>\n<\/ol>\n\n<p><strong>\u00a0<\/strong>La Guida (Guida Ambientale) \u00e8 una figura certificata dalla Regione Toscana abilitata ai sensi della L.R. 42 del 23\/03\/2000 e succ. mod..<\/p>\n\n<p>La Guida svolge le funzioni di organizzatore di escursioni e di accompagnatore di gruppi di persone durante una escursione.<\/p>\n\n<p>Nella sua funzione di organizzatore redige un programma di escursioni ed esperienze che sottopone al pubblico tramite sito Internet.<\/p>\n\n<p>La Guida \u00e8 in possesso di assicurazione R.C.T.; detta assicurazione non copre tuttavia i rischi di infortuni dei soggetti partecipanti all\u2019evento.<\/p>\n\n<ol class=\"wp-block-list\" start=\"5\">\n<li><strong>Il Partecipante (natura, obblighi e facolt\u00e0)<\/strong><\/li>\n<\/ol>\n\n<p><strong>5.1)<\/strong>\u00a0Sono ammessi alle esperienze di WeHike tutti i soggetti maggiorenni ed i minori solo se accompagnati.<\/p>\n\n<p><strong>5.2)<\/strong>\u00a0Ciascun partecipante deve essere munito di proprio documento di identit\u00e0 in corso di validit\u00e0.<\/p>\n\n<p><strong>5.3)<\/strong>\u00a0Il Partecipante \u00e8 tenuto, prima di prenotare l\u2019evento, a leggere attentamente le informazioni tecniche dell\u2019escursione ed i requisiti necessari alla partecipazione (disponibili sul sito Internet nello specifico evento acquistato) e, con l\u2019effettuazione della prenotazione, dichiara di accettarne integralmente il contenuto.<\/p>\n\n<p><strong>5.4)<\/strong>\u00a0Al momento della prenotazione il Partecipante \u00e8 tenuto a comunicare la propria condizione medica attuale e\/o pregressa che possa influenzare la propria incolumit\u00e0 e quella degli altri partecipanti, oltre che essere tenuto a specificare eventuali intolleranze o allergie alimentari o ogni altra patologia che possa condizionarlo in rapporto all\u2019evento a cui si \u00e8 prenotato.<\/p>\n\n<p><strong>5.5)<\/strong>\u00a0Dopo aver ricevuto la conferma di partecipazione da WeHike, il Partecipante si impegna a tenersi informato sull\u2019escursione ed a leggere attentamente tutte le informazioni dettagliate ricevute via e-mail.<\/p>\n\n<p><strong>5.6)<\/strong>\u00a0Nel caso in cui la prenotazione sia stata effettuata da una Agenzia, Tour Operator, o in caso di prenotazione collettiva, il soggetto che ha effettuato la prenotazione \u00e8 tenuto a informare tutti i membri della comitiva circa il programma, le logistiche e l\u2019abbigliamento richiesto, nonch\u00e9 a divulgare ogni informazione ricevuta da WeHike fino al giorno dell\u2019escursione.<\/p>\n\n<p><strong>5.7)<\/strong>\u00a0Il Partecipante \u00e8 tenuto a seguire scrupolosamente ogni indicazione di WeHike in merito a percorsi, divieti ecc..<\/p>\n\n<p><strong>5.8)<\/strong>\u00a0Il Partecipante \u00e8 tenuto a seguire l\u2019andatura stabilita da WeHike, a non allontanarsi dal gruppo e dal sentiero stabilito.<\/p>\n\n<p><strong>5.9)<\/strong>\u00a0Il Partecipante \u00e8 tenuto a tenere un comportamento rispettoso nei confronti degli organizzatori dell\u2019evento, dell\u2019ambiente naturale e degli altri partecipanti.<\/p>\n\n<p><strong>5.10)<\/strong>\u00a0Il Partecipante pu\u00f2 portare al seguito il proprio cane \u2013 eccetto nelle aree naturali protette ove vige esplicito divieto in merito \u2013 deve tenere il cane al guinzaglio ed assicurare che il proprio cane sia abituato a stare con altre persone e con altri cani senza recare disturbo agli altri escursionisti.<\/p>\n\n<p><strong>5.11)<\/strong>\u00a0Il Partecipante dichiara di possedere una preparazione fisica adeguata e di essere in buono stato di salute e di essere a conoscenza di eventuali reazioni allergiche del proprio organismo nei confronti di insetti\/pollini etc.<\/p>\n\n<p><strong>5.12)<\/strong>\u00a0Il Partecipante \u00e8 a conoscenza che la quota di partecipazione comprende l\u2019organizzazione e l\u2019accompagnamento con Guida GAE (Guida Ambientale Escursionistica abilitata alla professione per la L.R. 86\/2016). Sono esclusi da quanto gi\u00e0 corrisposto i costi non espressamente indicati sul sito internet e\/o tramite email al momento della prenotazione.<\/p>\n\n<p><strong>5.13)<\/strong>\u00a0Il Partecipante \u00e8 a conoscenza che durante la giornata potranno essere effettuati scatti fotografici e\/o riprese video che potranno essere utilizzati a scopo promozionale da WeHike per promuovere la propria attivit\u00e0 commerciale; il giorno dell\u2019escursione verr\u00e0 richiesto di esprimere il consenso o dissenso in merito.<\/p>\n\n<p><strong>5.14)<\/strong>\u00a0Il Partecipante esonera la Guida da qualsiasi responsabilit\u00e0 derivante da un comportamento che non rispetti le presenti condizioni generali.<\/p>\n\n<p><strong>5.15)<\/strong>\u00a0Il Partecipante dichiara di aver letto il Disciplinare sulle Misure di Prevenzione e Contenimento dal CoVid-19 e si impegna a riempire e sottoscrivere apposito modulo richiesto dalla Autorit\u00e0 Sanitaria.<\/p>\n\n<p><strong>5.16)<\/strong>\u00a0Il Partecipante contestualmente alla prenotazione ad un evento di WeHike accetta integralmente ed automaticamente le presenti condizioni generali riconoscendone la totale efficacia.<\/p>\n\n<p><strong>5.17)<\/strong>\u00a0WeHike \u00e8 la sola responsabile della conduzione e della sicurezza dei soggetti partecipanti all\u2019evento.\u00a0Ogni componente del gruppo durante le escursioni\/eventi dovr\u00e0 rimanere sempre dietro la Guida. Chi si allontana dal gruppo, anche con il consenso della Guida, lo far\u00e0 a proprio rischio e pericolo e sotto la propria responsabilit\u00e0.<\/p>\n\n<ol class=\"wp-block-list\" start=\"6\">\n<li><strong>Orario e luogo di appuntamento per inizio esperienza<\/strong><\/li>\n<\/ol>\n\n<p>WeHike confermer\u00e0 al cliente e\/o gruppo, via email o WhatsApp, l\u2019orario esatto ed il punto d\u2019incontro.<\/p>\n\t\t\t\t\t\t\t\t<\/div>\n\t\t\t\t\t<\/div>\n\t\t\t\t<\/div>\n\t\t\t\t<\/div>\n\t\t","protected":false},"excerpt":{"rendered":"<p>Home 1.1)\u00a0Per prenotare le esperienze di WeHike \u00e8 necessario inviare una richiesta scritta via email all\u2019indirizzo\u00a0info@we-hike.it\u00a0o tramite WhatsApp al numero +39.339.8636.036 indicando i propri dati: nome, cognome, email, contatto telefonico, codice fiscale e\/o partita iva, tipo di esperienza oggetto di prenotazione. \u00a01.2)\u00a0Dalla data di prenotazione dell\u2019evento, fino a novanta giorni prima dell\u2019evento programmato, non \u00e8 [&hellip;]<\/p>\n","protected":false},"author":1,"featured_media":0,"parent":0,"menu_order":0,"comment_status":"closed","ping_status":"closed","template":"","meta":{"_acf_changed":false,"footnotes":""},"class_list":["post-242394","page","type-page","status-publish","hentry"],"acf":[],"_links":{"self":[{"href":"https:\/\/simoneelle.it\/wh200226\/wp-json\/wp\/v2\/pages\/242394","targetHints":{"allow":["GET"]}}],"collection":[{"href":"https:\/\/simoneelle.it\/wh200226\/wp-json\/wp\/v2\/pages"}],"about":[{"href":"https:\/\/simoneelle.it\/wh200226\/wp-json\/wp\/v2\/types\/page"}],"author":[{"embeddable":true,"href":"https:\/\/simoneelle.it\/wh200226\/wp-json\/wp\/v2\/users\/1"}],"replies":[{"embeddable":true,"href":"https:\/\/simoneelle.it\/wh200226\/wp-json\/wp\/v2\/comments?post=242394"}],"version-history":[{"count":1,"href":"https:\/\/simoneelle.it\/wh200226\/wp-json\/wp\/v2\/pages\/242394\/revisions"}],"predecessor-version":[{"id":247387,"href":"https:\/\/simoneelle.it\/wh200226\/wp-json\/wp\/v2\/pages\/242394\/revisions\/247387"}],"wp:attachment":[{"href":"https:\/\/simoneelle.it\/wh200226\/wp-json\/wp\/v2\/media?parent=242394"}],"curies":[{"name":"wp","href":"https:\/\/api.w.org\/{rel}","templated":true}]}}